{"id":777,"date":"2024-01-04T12:27:59","date_gmt":"2024-01-04T12:27:59","guid":{"rendered":"https:\/\/wotechtheme.com\/wp\/wotech\/?page_id=777"},"modified":"2024-05-22T20:41:55","modified_gmt":"2024-05-22T20:41:55","slug":"about","status":"publish","type":"page","link":"https:\/\/regnumteknoloji.com.tr\/index.php\/about\/","title":{"rendered":"Hakk\u0131m\u0131zda"},"content":{"rendered":"\t\t<div data-elementor-type=\"wp-page\" data-elementor-id=\"777\" class=\"elementor elementor-777\">\n\t\t\t\t<div class=\"elementor-element elementor-element-4ee80fa e-con-full e-flex e-con e-parent\" data-id=\"4ee80fa\" data-element_type=\"container\">\n\t\t\t\t<div class=\"elementor-element elementor-element-b47b703 elementor-widget elementor-widget-spacer\" data-id=\"b47b703\" data-element_type=\"widget\" data-widget_type=\"spacer.default\">\n\t\t\t\t<div class=\"elementor-widget-container\">\n\t\t\t\t\t\t\t<div class=\"elementor-spacer\">\n\t\t\t<div class=\"elementor-spacer-inner\"><\/div>\n\t\t<\/div>\n\t\t\t\t\t\t<\/div>\n\t\t\t\t<\/div>\n\t\t\t\t<div class=\"elementor-element elementor-element-c637321 elementor-widget elementor-widget-heading\" data-id=\"c637321\" data-element_type=\"widget\" data-widget_type=\"heading.default\">\n\t\t\t\t<div class=\"elementor-widget-container\">\n\t\t\t\t\t<h3 class=\"elementor-heading-title elementor-size-default\">Ak\u0131ll\u0131 \u00c7\u00f6z\u00fcmler, S\u00fcrd\u00fcr\u00fclebilir Gelecek<\/h3>\t\t\t\t<\/div>\n\t\t\t\t<\/div>\n\t\t\t\t<div class=\"elementor-element elementor-element-c24ae08 elementor-widget elementor-widget-text-editor\" data-id=\"c24ae08\" data-element_type=\"widget\" data-widget_type=\"text-editor.default\">\n\t\t\t\t<div class=\"elementor-widget-container\">\n\t\t\t\t\t\t\t\t\t<p>Regnum Teknoloji, nesnelerin interneti (IoT) alan\u0131nda uzmanla\u015fm\u0131\u015f bir teknoloji \u015firketidir. Kuruldu\u011fumuz g\u00fcnden bu yana, d\u00fcnyada ve T\u00fcrkiye&#8217;deki en b\u00fcy\u00fck firmalarla yak\u0131n temas halinde \u00e7al\u0131\u015farak, yenilik\u00e7i ve s\u00fcrd\u00fcr\u00fclebilir IoT \u00e7\u00f6z\u00fcmleri sunma misyonumuzu s\u00fcrd\u00fcr\u00fcyoruz.<\/p><p>Geli\u015ftirdi\u011fimiz \u00fcr\u00fcn ve \u00e7\u00f6z\u00fcmlerle, m\u00fc\u015fterilerimizin operasyonlar\u0131n\u0131 iyile\u015ftiriyor ve verimliliklerini art\u0131rmalar\u0131na yard\u0131mc\u0131 oluyoruz. Halihaz\u0131rda sahada y\u00fczlerce aktif \u00fcr\u00fcn\u00fcm\u00fczle, farkl\u0131 sekt\u00f6rlerdeki i\u015f ortaklar\u0131m\u0131z\u0131n ba\u015far\u0131s\u0131na katk\u0131da bulunmaktan gurur duyuyoruz.<\/p><p>Regnum Teknoloji olarak, m\u00fc\u015fteri odakl\u0131 yakla\u015f\u0131m\u0131m\u0131z, ileri teknoloji kullan\u0131m\u0131 ve s\u00fcrekli yenilik aray\u0131\u015f\u0131m\u0131z ile tan\u0131n\u0131yoruz. \u0130\u015f ortaklar\u0131m\u0131z\u0131n ihtiya\u00e7lar\u0131n\u0131 anlamak ve onlara en uygun \u00e7\u00f6z\u00fcmleri sunmak i\u00e7in s\u00fcrekli \u00e7al\u0131\u015f\u0131yoruz.<\/p>\t\t\t\t\t\t\t\t<\/div>\n\t\t\t\t<\/div>\n\t\t\t\t<div class=\"elementor-element elementor-element-935169a elementor-widget elementor-widget-heading\" data-id=\"935169a\" data-element_type=\"widget\" data-widget_type=\"heading.default\">\n\t\t\t\t<div class=\"elementor-widget-container\">\n\t\t\t\t\t<h3 class=\"elementor-heading-title elementor-size-default\">Vizyonumuz<\/h3>\t\t\t\t<\/div>\n\t\t\t\t<\/div>\n\t\t\t\t<div class=\"elementor-element elementor-element-07ed378 elementor-widget elementor-widget-text-editor\" data-id=\"07ed378\" data-element_type=\"widget\" data-widget_type=\"text-editor.default\">\n\t\t\t\t<div class=\"elementor-widget-container\">\n\t\t\t\t\t\t\t\t\t<p>IoT teknolojilerinde global bir lider olmak ve m\u00fc\u015fterilerimize en y\u00fcksek de\u011feri sunarak, onlar\u0131n dijital d\u00f6n\u00fc\u015f\u00fcm yolculuklar\u0131nda g\u00fcvenilir bir partner olarak yer almak.<\/p>\t\t\t\t\t\t\t\t<\/div>\n\t\t\t\t<\/div>\n\t\t\t\t<div class=\"elementor-element elementor-element-5ddd42f elementor-widget elementor-widget-heading\" data-id=\"5ddd42f\" data-element_type=\"widget\" data-widget_type=\"heading.default\">\n\t\t\t\t<div class=\"elementor-widget-container\">\n\t\t\t\t\t<h3 class=\"elementor-heading-title elementor-size-default\">Misyonumuz<\/h3>\t\t\t\t<\/div>\n\t\t\t\t<\/div>\n\t\t\t\t<div class=\"elementor-element elementor-element-ee7cda9 elementor-widget elementor-widget-text-editor\" data-id=\"ee7cda9\" data-element_type=\"widget\" data-widget_type=\"text-editor.default\">\n\t\t\t\t<div class=\"elementor-widget-container\">\n\t\t\t\t\t\t\t\t\t<ul><li><strong>Yenilik\u00e7ilik:<\/strong> Teknolojinin s\u0131n\u0131rlar\u0131n\u0131 zorlayarak yenilik\u00e7i IoT \u00e7\u00f6z\u00fcmleri geli\u015ftirmek.<\/li><li><strong>Kalite:<\/strong> M\u00fc\u015fterilerimize en y\u00fcksek kalitede \u00fcr\u00fcn ve hizmet sunmak.<\/li><li><strong>M\u00fc\u015fteri Memnuniyeti:<\/strong> \u0130\u015f ortaklar\u0131m\u0131z\u0131n ihtiya\u00e7lar\u0131na \u00f6zel, etkili ve verimli \u00e7\u00f6z\u00fcmler sunarak onlar\u0131n memnuniyetini sa\u011flamak.<\/li><li><strong>S\u00fcrd\u00fcr\u00fclebilirlik:<\/strong> \u00c7evre dostu ve s\u00fcrd\u00fcr\u00fclebilir teknolojilerle gelece\u011fe yat\u0131r\u0131m yapmak.<\/li><\/ul>\t\t\t\t\t\t\t\t<\/div>\n\t\t\t\t<\/div>\n\t\t\t\t<div class=\"elementor-element elementor-element-11326a3 elementor-widget elementor-widget-heading\" data-id=\"11326a3\" data-element_type=\"widget\" data-widget_type=\"heading.default\">\n\t\t\t\t<div class=\"elementor-widget-container\">\n\t\t\t\t\t<h3 class=\"elementor-heading-title elementor-size-default\">De\u011ferlerimiz<\/h3>\t\t\t\t<\/div>\n\t\t\t\t<\/div>\n\t\t\t\t<div class=\"elementor-element elementor-element-bc35f0a elementor-widget elementor-widget-text-editor\" data-id=\"bc35f0a\" data-element_type=\"widget\" data-widget_type=\"text-editor.default\">\n\t\t\t\t<div class=\"elementor-widget-container\">\n\t\t\t\t\t\t\t\t\t<ul><li><strong>G\u00fcven:<\/strong> M\u00fc\u015fterilerimizle \u015feffaf ve g\u00fcvenilir ili\u015fkiler kurar\u0131z.<\/li><li><strong>\u0130novasyon:<\/strong> Her zaman en son teknolojileri takip eder ve uygular\u0131z.<\/li><li><strong>Kalite:<\/strong> \u00dcr\u00fcn ve hizmetlerimizin kalitesinden \u00f6d\u00fcn vermeyiz.<\/li><li><strong>\u0130\u015fbirli\u011fi:<\/strong> Ekip \u00e7al\u0131\u015fmas\u0131na ve i\u015f ortaklar\u0131m\u0131zla s\u0131k\u0131 i\u015fbirli\u011fine inan\u0131r\u0131z.<\/li><\/ul>\t\t\t\t\t\t\t\t<\/div>\n\t\t\t\t<\/div>\n\t\t\t\t<div class=\"elementor-element elementor-element-b37d256 elementor-widget elementor-widget-spacer\" data-id=\"b37d256\" data-element_type=\"widget\" data-widget_type=\"spacer.default\">\n\t\t\t\t<div class=\"elementor-widget-container\">\n\t\t\t\t\t\t\t<div class=\"elementor-spacer\">\n\t\t\t<div class=\"elementor-spacer-inner\"><\/div>\n\t\t<\/div>\n\t\t\t\t\t\t<\/div>\n\t\t\t\t<\/div>\n\t\t\t\t<\/div>\n\t\t\t\t<\/div>\n\t\t","protected":false},"excerpt":{"rendered":"<p>Ak\u0131ll\u0131 \u00c7\u00f6z\u00fcmler, S\u00fcrd\u00fcr\u00fclebilir Gelecek Regnum Teknoloji, nesnelerin interneti (IoT) alan\u0131nda uzmanla\u015fm\u0131\u015f bir teknoloji \u015firketidir. Kuruldu\u011fumuz g\u00fcnden bu yana, d\u00fcnyada ve T\u00fcrkiye&#8217;deki en b\u00fcy\u00fck firmalarla yak\u0131n temas halinde \u00e7al\u0131\u015farak, yenilik\u00e7i ve s\u00fcrd\u00fcr\u00fclebilir IoT \u00e7\u00f6z\u00fcmleri sunma misyonumuzu s\u00fcrd\u00fcr\u00fcyoruz. Geli\u015ftirdi\u011fimiz \u00fcr\u00fcn ve \u00e7\u00f6z\u00fcmlerle, m\u00fc\u015fterilerimizin operasyonlar\u0131n\u0131 iyile\u015ftiriyor ve verimliliklerini art\u0131rmalar\u0131na yard\u0131mc\u0131 oluyoruz. Halihaz\u0131rda sahada y\u00fczlerce aktif \u00fcr\u00fcn\u00fcm\u00fczle, farkl\u0131 sekt\u00f6rlerdeki [&hellip;]<\/p>\n","protected":false},"author":2,"featured_media":0,"parent":0,"menu_order":0,"comment_status":"closed","ping_status":"closed","template":"elementor_header_footer","meta":{"inline_featured_image":false,"footnotes":""},"_links":{"self":[{"href":"https:\/\/regnumteknoloji.com.tr\/index.php\/wp-json\/wp\/v2\/pages\/777"}],"collection":[{"href":"https:\/\/regnumteknoloji.com.tr\/index.php\/wp-json\/wp\/v2\/pages"}],"about":[{"href":"https:\/\/regnumteknoloji.com.tr\/index.php\/wp-json\/wp\/v2\/types\/page"}],"author":[{"embeddable":true,"href":"https:\/\/regnumteknoloji.com.tr\/index.php\/wp-json\/wp\/v2\/users\/2"}],"replies":[{"embeddable":true,"href":"https:\/\/regnumteknoloji.com.tr\/index.php\/wp-json\/wp\/v2\/comments?post=777"}],"version-history":[{"count":61,"href":"https:\/\/regnumteknoloji.com.tr\/index.php\/wp-json\/wp\/v2\/pages\/777\/revisions"}],"predecessor-version":[{"id":2652,"href":"https:\/\/regnumteknoloji.com.tr\/index.php\/wp-json\/wp\/v2\/pages\/777\/revisions\/2652"}],"wp:attachment":[{"href":"https:\/\/regnumteknoloji.com.tr\/index.php\/wp-json\/wp\/v2\/media?parent=777"}],"curies":[{"name":"wp","href":"https:\/\/api.w.org\/{rel}","templated":true}]}}