{"id":636,"date":"2024-01-02T09:19:58","date_gmt":"2024-01-02T09:19:58","guid":{"rendered":"https:\/\/wotechtheme.com\/wp\/wotech\/?page_id=636"},"modified":"2024-06-27T09:07:07","modified_gmt":"2024-06-27T09:07:07","slug":"home","status":"publish","type":"page","link":"https:\/\/regnumteknoloji.com.tr\/","title":{"rendered":"Ana sayfa"},"content":{"rendered":"\t\t<div data-elementor-type=\"wp-page\" data-elementor-id=\"636\" class=\"elementor elementor-636\">\n\t\t\t\t<div class=\"elementor-element elementor-element-50e5575 e-con-full e-flex e-con e-parent\" data-id=\"50e5575\" data-element_type=\"container\">\n\t\t\t\t<div class=\"elementor-element elementor-element-baca957 elementor-widget elementor-widget-banner_slider\" data-id=\"baca957\" data-element_type=\"widget\" data-widget_type=\"banner_slider.default\">\n\t\t\t\t<div class=\"elementor-widget-container\">\n\t\t\t\t\t\r\n\r\n\t <script>\r\n jQuery(document).ready(function($) {\r\n\r\n\/\/write js code under this line \r\n\r\n\r\nif (jQuery(\".banner-active\").length > 0) {\r\n\tlet sliderActive1 = \".banner-active\";\r\n\tlet sliderInit1 = new Swiper(sliderActive1, {\r\n\t\/\/ Optional parameters\r\n\tslidesPerView: 1,\r\n\tslidesPerColumn: 1,\r\n\tpaginationClickable: true,\r\n\tfadeEffect: {\r\n\t\tcrossFade: true,\r\n\t},\r\n\tloop: true,\r\n\teffect: \"fade\",\r\n\tautoplay: {\r\n\t\tdelay: 5000,\r\n\t},\r\n\tnavigation: {\r\n\t\tnextEl: \".slider__button-prev\",\r\n\t\tprevEl: \".slider__button-next\",\r\n\t},\r\n\tpagination: {\r\n\t\tel: \".banner-dot\",\r\n\t\tclickable: true,\r\n\t},\r\n\ta11y: false,\r\n\t});\r\n\r\n\tfunction animated_swiper(selector, init) {\r\n\tlet animated = function animated() {\r\n\t\t$(selector + \" [data-animation]\").each(function() {\r\n\t\t\tlet anim = $(this).data(\"animation\");\r\n\t\t\tlet delay = $(this).data(\"delay\");\r\n\t\t\tlet duration = $(this).data(\"duration\");\r\n\r\n\t\t\t$(this)\r\n\t\t\t\t.removeClass(\"anim\" + anim)\r\n\t\t\t\t.addClass(anim + \" animated\")\r\n\t\t\t\t.css({\r\n\t\t\t\t\twebkitAnimationDelay: delay,\r\n\t\t\t\t\tanimationDelay: delay,\r\n\t\t\t\t\twebkitAnimationDuration: duration,\r\n\t\t\t\t\tanimationDuration: duration,\r\n\t\t\t\t})\r\n\t\t\t\t.one(\r\n\t\t\t\t\t\"webkitAnimationEnd mozAnimationEnd MSAnimationEnd oanimationend animationend\",\r\n\t\t\t\t\tfunction() {\r\n\t\t\t\t\t\t$(this).removeClass(anim + \" animated\");\r\n\t\t\t\t\t}\r\n\t\t\t\t);\r\n\t\t});\r\n\t};\r\n\tanimated();\r\n\t\/\/ Make animated when slide change\r\n\tinit.on(\"slideChange\", function() {\r\n\t\t$(sliderActive1 + \" [data-animation]\").removeClass(\"animated\");\r\n\t});\r\n\tinit.on(\"slideChange\", animated);\r\n}\r\n\r\nanimated_swiper(sliderActive1, sliderInit1);\r\n}\r\n\r\n\r\n\r\n\/\/write code above the line \r\n\r\n  });\r\n<\/script>\r\n\t\r\n\r\n <!-- Banner area start --> \r\n <section class=\"banner-section-2 p-relative fix\">\r\n   <div class=\"swiper banner-active\">\r\n      <div class=\"swiper-wrapper\">\r\n\t           <div class=\"swiper-slide\"> \r\n            <div class=\"banner-main-2\" data-background=\"https:\/\/regnumteknoloji.com.tr\/wp-content\/uploads\/2024\/05\/banner.webp\">\r\n               <div class=\"large-container\">               \r\n                  <div class=\"banner-area-2 p-relative z-3 wow img-custom-anim-left animated\" data-wow-delay=\"1000ms\">\r\n                     <span class=\"p-relative banner-sub-title\">Regnum Teknoloji<\/span>\r\n                     <h1 class=\"banner-title\">IoT ile Gelece\u011fi \u015eekillendiriyoruz<\/h1>\r\n                     <p class=\"banner-text\">IoT alan\u0131nda uzmanla\u015fm\u0131\u015f teknoloji \u015firketi olarak, yenilik\u00e7i ve s\u00fcrd\u00fcr\u00fclebilir \u00e7\u00f6z\u00fcmlerimizle dijital d\u00f6n\u00fc\u015f\u00fcm\u00fc sa\u011fl\u0131yoruz. M\u00fc\u015fteri odakl\u0131 yakla\u015f\u0131m\u0131m\u0131z ve ileri teknolojilerimizle, i\u015f ortaklar\u0131m\u0131z\u0131n ba\u015far\u0131s\u0131na katk\u0131da bulunuyoruz.<\/p>\r\n                     <div class=\"banner-btn-area-2\">\r\n                        <a class=\"primary-btn-1 btn-hover\" href=\"https:\/\/regnumteknoloji.com.tr\/index.php\/about\/\">\r\n\t\t\t\t\t\tHakk\u0131m\u0131zda &nbsp; | <i class=\"icon-right-arrow\"><\/i>\r\n                           <span style=\"top: 147.172px; left: 108.5px;\"><\/span>\r\n                        <\/a>\r\n                        <div class=\"round-image-area\">\r\n                           <div class=\"image-1\">\r\n\t\t\t\t\t\t   \t\t\t\t\t\t\t\t<img decoding=\"async\" src=\"https:\/\/regnumteknoloji.com.tr\/wp-content\/uploads\/2024\/02\/shape-1.png\" alt=\"\">\r\n\t\t\t\t\t\t\t                           <\/div>\r\n                        <\/div>\r\n                        <h6><\/h6>\r\n                     <\/div>                    \r\n                  <\/div>   \r\n\t\t\t\t  \t\r\n               <\/div>\r\n            <\/div>\r\n            <div class=\"shape-area-2\">\r\n               <div class=\"shape-1\" data-background=\"https:\/\/regnumteknoloji.com.tr\/wp-content\/uploads\/2024\/02\/shape-1.png\"><\/div>\r\n               <div class=\"shape-2\" data-background=\"https:\/\/regnumteknoloji.com.tr\/wp-content\/uploads\/2024\/02\/shape-2.png\"><\/div>\r\n               <div class=\"shape-3\" data-background=\"https:\/\/regnumteknoloji.com.tr\/wp-content\/uploads\/2024\/02\/shape-4.png\"><\/div>\r\n               <div class=\"shape-4\" data-background=\"https:\/\/regnumteknoloji.com.tr\/wp-content\/uploads\/2024\/02\/shape-4.png\"><\/div>\r\n               <div class=\"shape-5\" data-background=\"https:\/\/regnumteknoloji.com.tr\/wp-content\/uploads\/2024\/02\/shape-5.png\"><\/div>\r\n               <div class=\"shape-6\" data-background=\"\"><\/div>\r\n            <\/div>\r\n         <\/div>\r\n\t\t          <div class=\"swiper-slide\"> \r\n            <div class=\"banner-main-2\" data-background=\"https:\/\/regnumteknoloji.com.tr\/wp-content\/uploads\/2024\/06\/home2-main-banner.webp\">\r\n               <div class=\"large-container\">               \r\n                  <div class=\"banner-area-2 p-relative z-3 wow img-custom-anim-left animated\" data-wow-delay=\"1000ms\">\r\n                     <span class=\"p-relative banner-sub-title\">\u00dcr\u00fcnlerimiz<\/span>\r\n                     <h1 class=\"banner-title\">Yenilik\u00e7i Teknoloji \u00dcr\u00fcnleri<\/h1>\r\n                     <p class=\"banner-text\">Regnum Teknoloji olarak, IoT alan\u0131nda geli\u015ftirdi\u011fimiz \u00fcr\u00fcnlerimizle i\u015fletmelerinizin verimlili\u011fini ve performans\u0131n\u0131 art\u0131r\u0131yoruz. Ak\u0131ll\u0131 \u00e7\u00f6z\u00fcmlerimizle, farkl\u0131 sekt\u00f6rlerdeki ihtiya\u00e7lar\u0131n\u0131za \u00f6zel y\u00fcksek kaliteli ve g\u00fcvenilir \u00fcr\u00fcnler sunuyoruz.<\/p>\r\n                     <div class=\"banner-btn-area-2\">\r\n                        <a class=\"primary-btn-1 btn-hover\" href=\"https:\/\/regnumteknoloji.com.tr\/index.php\/products\/\">\r\n\t\t\t\t\t\t\u00dcr\u00fcnlerimize G\u00f6z At\u0131n &nbsp; | <i class=\"icon-right-arrow\"><\/i>\r\n                           <span style=\"top: 147.172px; left: 108.5px;\"><\/span>\r\n                        <\/a>\r\n                        <div class=\"round-image-area\">\r\n                           <div class=\"image-1\">\r\n\t\t\t\t\t\t   \t\t\t\t\t\t\t\t<img decoding=\"async\" src=\"https:\/\/regnumteknoloji.com.tr\/wp-content\/uploads\/2024\/02\/shape-1.png\" alt=\"\">\r\n\t\t\t\t\t\t\t                           <\/div>\r\n                        <\/div>\r\n                        <h6><\/h6>\r\n                     <\/div>                    \r\n                  <\/div>   \r\n\t\t\t\t  \t\r\n               <\/div>\r\n            <\/div>\r\n            <div class=\"shape-area-2\">\r\n               <div class=\"shape-1\" data-background=\"https:\/\/regnumteknoloji.com.tr\/wp-content\/uploads\/2024\/02\/shape-1.png\"><\/div>\r\n               <div class=\"shape-2\" data-background=\"https:\/\/regnumteknoloji.com.tr\/wp-content\/uploads\/2024\/02\/shape-2.png\"><\/div>\r\n               <div class=\"shape-3\" data-background=\"https:\/\/regnumteknoloji.com.tr\/wp-content\/uploads\/2024\/02\/shape-4.png\"><\/div>\r\n               <div class=\"shape-4\" data-background=\"https:\/\/regnumteknoloji.com.tr\/wp-content\/uploads\/2024\/02\/shape-4.png\"><\/div>\r\n               <div class=\"shape-5\" data-background=\"https:\/\/regnumteknoloji.com.tr\/wp-content\/uploads\/2024\/02\/shape-5.png\"><\/div>\r\n               <div class=\"shape-6\" data-background=\"\"><\/div>\r\n            <\/div>\r\n         <\/div>\r\n\t\t          <div class=\"swiper-slide\"> \r\n            <div class=\"banner-main-2\" data-background=\"https:\/\/regnumteknoloji.com.tr\/wp-content\/uploads\/2024\/06\/banner-1.webp\">\r\n               <div class=\"large-container\">               \r\n                  <div class=\"banner-area-2 p-relative z-3 wow img-custom-anim-left animated\" data-wow-delay=\"1000ms\">\r\n                     <span class=\"p-relative banner-sub-title\">\u00c7\u00f6z\u00fcmlerimiz<\/span>\r\n                     <h1 class=\"banner-title\">\u0130\u015finizi Gelece\u011fe Ta\u015f\u0131yoruz<\/h1>\r\n                     <p class=\"banner-text\">Dijital d\u00f6n\u00fc\u015f\u00fcm yolculu\u011funuzda yan\u0131n\u0131zday\u0131z. IoT tabanl\u0131 hizmetlerimizle operasyonel verimlili\u011finizi art\u0131r\u0131yor ve i\u015f s\u00fcre\u00e7lerinizi optimize ediyoruz. Uzman ekibimizle, i\u015f ortaklar\u0131m\u0131za en uygun \u00e7\u00f6z\u00fcmleri sunuyoruz.\n\n\n\n\n\n\n<\/p>\r\n                     <div class=\"banner-btn-area-2\">\r\n                        <a class=\"primary-btn-1 btn-hover\" href=\"https:\/\/regnumteknoloji.com.tr\/index.php\/solutions\/\">\r\n\t\t\t\t\t\tSundu\u011fumuz \u00c7\u00f6z\u00fcmlere G\u00f6z At\u0131n &nbsp; | <i class=\"icon-right-arrow\"><\/i>\r\n                           <span style=\"top: 147.172px; left: 108.5px;\"><\/span>\r\n                        <\/a>\r\n                        <div class=\"round-image-area\">\r\n                           <div class=\"image-1\">\r\n\t\t\t\t\t\t   \t\t\t\t\t\t\t\t<img decoding=\"async\" src=\"https:\/\/regnumteknoloji.com.tr\/wp-content\/uploads\/2024\/02\/shape-1.png\" alt=\"\">\r\n\t\t\t\t\t\t\t                           <\/div>\r\n                        <\/div>\r\n                        <h6><\/h6>\r\n                     <\/div>                    \r\n                  <\/div>   \r\n\t\t\t\t  \t\r\n               <\/div>\r\n            <\/div>\r\n            <div class=\"shape-area-2\">\r\n               <div class=\"shape-1\" data-background=\"https:\/\/regnumteknoloji.com.tr\/wp-content\/uploads\/2024\/02\/shape-1.png\"><\/div>\r\n               <div class=\"shape-2\" data-background=\"https:\/\/regnumteknoloji.com.tr\/wp-content\/uploads\/2024\/02\/shape-2.png\"><\/div>\r\n               <div class=\"shape-3\" data-background=\"https:\/\/regnumteknoloji.com.tr\/wp-content\/uploads\/2024\/02\/shape-4.png\"><\/div>\r\n               <div class=\"shape-4\" data-background=\"https:\/\/regnumteknoloji.com.tr\/wp-content\/uploads\/2024\/02\/shape-4.png\"><\/div>\r\n               <div class=\"shape-5\" data-background=\"https:\/\/regnumteknoloji.com.tr\/wp-content\/uploads\/2024\/02\/shape-5.png\"><\/div>\r\n               <div class=\"shape-6\" data-background=\"\"><\/div>\r\n            <\/div>\r\n         <\/div>\r\n\t\t       <\/div>\r\n   <\/div>\r\n\t\t<!-- If we need pagination -->\r\n\t\t<div class=\"banner-dot-inner\">\r\n\t\t\t<div class=\"banner-dot\"><\/div>\r\n\t\t<\/div>\r\n<\/section>\r\n <!-- Banner area end --> \r\n\r\n\r\n\t\r\n\r\n             \r\n\t\t\t\t\t\t<\/div>\n\t\t\t\t<\/div>\n\t\t\t\t<\/div>\n\t\t<div class=\"elementor-element elementor-element-c546def e-con-full e-flex e-con e-parent\" data-id=\"c546def\" data-element_type=\"container\">\n\t\t\t\t<div class=\"elementor-element elementor-element-3dcb7c1 elementor-widget elementor-widget-work_process\" data-id=\"3dcb7c1\" data-element_type=\"widget\" data-widget_type=\"work_process.default\">\n\t\t\t\t<div class=\"elementor-widget-container\">\n\t\t\t\t\t\r\n\r\n\t <script>\r\n jQuery(document).ready(function($) {\r\n\r\n\/\/write js code under this line \r\n\r\n\r\n\/\/write code above the line \r\n\r\n  });\r\n<\/script>\r\n\r\n\t<!-- Work process area start --> \r\n\t<section class=\"work-process-section section-space p-relative\" data-background=\"https:\/\/regnumteknoloji.com.tr\/wp-content\/uploads\/2024\/06\/process-bg.webp\">\r\n\t<div class=\"shape-1\" data-background=\"https:\/\/regnumteknoloji.com.tr\/wp-content\/uploads\/2024\/06\/line.webp\"><\/div>\r\n\t<div class=\"small-container\">\r\n\t\t\t\t<div class=\"title-box text-center mb-60 wow fadeInLeft\" data-wow-delay=\".5s\">\r\n\t\t\t<span class=\"section-sub-title\">Ak\u0131ll\u0131 \u00c7\u00f6z\u00fcmler, G\u00fcvenilir Sonu\u00e7lar<\/span>\r\n\t\t\t<h3 class=\"section-title mt-10\">Geli\u015ftirdi\u011fimiz \u00fcr\u00fcn ve \u00e7\u00f6z\u00fcmlerle, m\u00fc\u015fterilerimizin operasyonlar\u0131n\u0131 iyile\u015ftiriyor ve verimliliklerini art\u0131rmalar\u0131na yard\u0131mc\u0131 oluyoruz. Halihaz\u0131rda sahada y\u00fczlerce aktif \u00fcr\u00fcn\u00fcm\u00fczle, farkl\u0131 sekt\u00f6rlerdeki i\u015f ortaklar\u0131m\u0131z\u0131n ba\u015far\u0131s\u0131na katk\u0131da bulunmaktan gurur duyuyoruz.<\/h3>\r\n\t\t<\/div>\r\n\t\t\t\t<div class=\"row g-4\">\r\n\t\t\t\t\t\t<div class=\"col-xxl-4 col-xl-4 col-lg-4\">\r\n\t\t\t\t<div class=\"work-process-box text-center \">\r\n\t\t\t\t<div class=\"icon-box p-relative\">\r\n\t\t\t\t\t\t\t\t\t\t\t<img decoding=\"async\" src=\"https:\/\/regnumteknoloji.com.tr\/wp-content\/uploads\/2024\/06\/icon-4.webp\" alt=\"\">\r\n\t\t\t\t\t\t\t\t\t\t<span><\/span>\r\n\t\t\t\t<\/div>\r\n\t\t\t\t<div class=\"content\">\r\n\t\t\t\t\t<h4 class=\"pt-25 pb-25\">Misyonumuz<\/h4>\r\n\t\t\t\t\t<p>End\u00fcstriyel sekt\u00f6rlerde verimlili\u011fi art\u0131rmak ve i\u015fletmelerin daha ak\u0131ll\u0131 ve daha etkili \u00e7al\u0131\u015fmas\u0131n\u0131 sa\u011flamak i\u00e7in en yeni IoT teknolojilerini sunmak.\n<\/p>\r\n\t\t\t\t<\/div>\r\n\t\t\t\t<\/div>\r\n\t\t\t<\/div>\r\n\t\t\t\t\t\t<div class=\"col-xxl-4 col-xl-4 col-lg-4\">\r\n\t\t\t\t<div class=\"work-process-box text-center \">\r\n\t\t\t\t<div class=\"icon-box p-relative\">\r\n\t\t\t\t\t\t\t\t\t\t\t<img decoding=\"async\" src=\"https:\/\/regnumteknoloji.com.tr\/wp-content\/uploads\/2024\/06\/icon-5.webp\" alt=\"\">\r\n\t\t\t\t\t\t\t\t\t\t<span><\/span>\r\n\t\t\t\t<\/div>\r\n\t\t\t\t<div class=\"content\">\r\n\t\t\t\t\t<h4 class=\"pt-25 pb-25\">Vizyonumuz<\/h4>\r\n\t\t\t\t\t<p>End\u00fcstriyel IoT \u00e7\u00f6z\u00fcmlerinde d\u00fcnya \u00e7ap\u0131nda lider bir firma olarak tan\u0131nmak ve m\u00fc\u015fterilerimizin dijital d\u00f6n\u00fc\u015f\u00fcm s\u00fcre\u00e7lerinde anahtar bir ortak olmak.<\/p>\r\n\t\t\t\t<\/div>\r\n\t\t\t\t<\/div>\r\n\t\t\t<\/div>\r\n\t\t\t\t\t\t<div class=\"col-xxl-4 col-xl-4 col-lg-4\">\r\n\t\t\t\t<div class=\"work-process-box text-center \">\r\n\t\t\t\t<div class=\"icon-box p-relative\">\r\n\t\t\t\t\t\t\t\t\t\t\t<img decoding=\"async\" src=\"https:\/\/regnumteknoloji.com.tr\/wp-content\/uploads\/2024\/06\/icon-7.webp\" alt=\"\">\r\n\t\t\t\t\t\t\t\t\t\t<span><\/span>\r\n\t\t\t\t<\/div>\r\n\t\t\t\t<div class=\"content\">\r\n\t\t\t\t\t<h4 class=\"pt-25 pb-25\">De\u011ferlerimiz<\/h4>\r\n\t\t\t\t\t<p>Yenilik\u00e7ilik, g\u00fcvenilirlik, m\u00fc\u015fteri odakl\u0131l\u0131k ve s\u00fcrekli iyile\u015ftirme, i\u015fimizin temel de\u011ferleridir.\n<\/p>\r\n\t\t\t\t<\/div>\r\n\t\t\t\t<\/div>\r\n\t\t\t<\/div>\r\n\t\t\t\t\t<\/div>\r\n\t<\/div>\r\n\t<\/section>\r\n\t<!-- Work process area end --> \r\n\r\n\t\t\t\r\n             \r\n\t\t\t\t\t\t<\/div>\n\t\t\t\t<\/div>\n\t\t\t\t<\/div>\n\t\t<div class=\"elementor-element elementor-element-8f7b28f e-con-full e-flex e-con e-parent\" data-id=\"8f7b28f\" data-element_type=\"container\">\n\t\t\t\t<div class=\"elementor-element elementor-element-5371fb7 elementor-widget elementor-widget-choose_us_2\" data-id=\"5371fb7\" data-element_type=\"widget\" data-widget_type=\"choose_us_2.default\">\n\t\t\t\t<div class=\"elementor-widget-container\">\n\t\t\t\t\t\r\n\r\n\t <script>\r\n jQuery(document).ready(function($) {\r\n\r\n\/\/write js code under this line \r\n\r\n\r\n\r\n\/\/write code above the line \r\n\r\n  });\r\n<\/script>\r\n\r\n  <!-- Choose area start --> \r\n  <section class=\"choose-section bg-color-1 section-space-top p-relative\">\r\n   <div class=\"bg-image\" data-background=\"https:\/\/regnumteknoloji.com.tr\/wp-content\/uploads\/2024\/06\/choose-bg.webp\"><\/div>\r\n   <div class=\"shape-image\" data-background=\"https:\/\/regnumteknoloji.com.tr\/wp-content\/uploads\/2024\/06\/shape-15.webp\"><\/div>\r\n   <div class=\"small-container\">      \r\n      <div class=\"row g-4\">\r\n         <div class=\"col-xxl-6 col-xl-6 col-lg-6 p-relative section-space-medium-bottom\">\r\n            <div class=\"title-box mb-50 wow fadeInLeft\" data-wow-delay=\".5s\">\r\n               <span class=\"section-sub-title\"><\/span>\r\n               <h3 class=\"section-title mt-10\">Neden Bizi Tercih Etmelisiniz<\/h3>\r\n            <\/div>\r\n             <!-- block -->\r\n\t\t\t            <div class=\"choose-area-icon-box mb-15 wow fadeInRight\" data-wow-delay=\".5s\">\r\n               <div class=\"icon-box p-relative\">\r\n\t\t\t   \t\t<i class=\" icon-target\"><\/i>\r\n               <\/div>\r\n               <div class=\"content\">\r\n                  <h5><a href=\"\">Kapsaml\u0131 \u00c7\u00f6z\u00fcmler<\/a><\/h5>\r\n                  <p>Donan\u0131m ve yaz\u0131l\u0131m\u0131n kusursuz entegrasyonunu sa\u011flayarak, end\u00fcstriyel ihtiya\u00e7lar\u0131n\u0131z i\u00e7in eksiksiz ve uyumlu bir IoT \u00e7\u00f6z\u00fcm\u00fc sunuyoruz.\n<\/p>\r\n               <\/div>\r\n           <\/div>\r\n           <hr>\r\n\t\t              <div class=\"choose-area-icon-box mb-15 wow fadeInRight\" data-wow-delay=\".5s\">\r\n               <div class=\"icon-box p-relative\">\r\n\t\t\t   \t\t<i class=\" icon-prize-box\"><\/i>\r\n               <\/div>\r\n               <div class=\"content\">\r\n                  <h5><a href=\"\">En Yeni Teknoloji<\/a><\/h5>\r\n                  <p>\u00c7\u00f6z\u00fcmlerimiz, en son IoT teknolojilerini kullanarak, en geli\u015fmi\u015f ve verimli izleme sistemleriyle \u00f6nde olman\u0131z\u0131 sa\u011flar.<\/p>\r\n               <\/div>\r\n           <\/div>\r\n           <hr>\r\n\t\t              <div class=\"choose-area-icon-box mb-15 wow fadeInRight\" data-wow-delay=\".5s\">\r\n               <div class=\"icon-box p-relative\">\r\n\t\t\t   \t\t<i class=\" icon-help\"><\/i>\r\n               <\/div>\r\n               <div class=\"content\">\r\n                  <h5><a href=\"\">\u00d6zelle\u015ftirme ve \u00d6l\u00e7eklenebilirlik<\/a><\/h5>\r\n                  <p>Sistemlerimiz, operasyonlar\u0131n\u0131z\u0131n gereksinimlerini kar\u015f\u0131layacak \u015fekilde y\u00fcksek derecede \u00f6zelle\u015ftirilebilir ve i\u015finizle birlikte \u00f6l\u00e7eklenmek \u00fczere tasarlanm\u0131\u015ft\u0131r.\n<\/p>\r\n               <\/div>\r\n           <\/div>\r\n           <hr>\r\n\t\t              <div class=\"choose-area-icon-box mb-15 wow fadeInRight\" data-wow-delay=\".5s\">\r\n               <div class=\"icon-box p-relative\">\r\n\t\t\t   \t\t<i class=\" icon-team-1\"><\/i>\r\n               <\/div>\r\n               <div class=\"content\">\r\n                  <h5><a href=\"\">G\u00fcvenilirlik ve Destek<\/a><\/h5>\r\n                  <p>Y\u00fcksek derecede g\u00fcvenilir \u00e7\u00f6z\u00fcmler sunmaktan ve operasyonlar\u0131n\u0131z\u0131n sorunsuz \u00e7al\u0131\u015fmas\u0131n\u0131 sa\u011flamak i\u00e7in m\u00fckemmel m\u00fc\u015fteri deste\u011fi sa\u011flamaktan gurur duyuyoruz.\n<\/p>\r\n               <\/div>\r\n           <\/div>\r\n           <hr>\r\n\t\t            <\/div>\r\n         <div class=\"col-xxl-6 col-xl-6 col-lg-6 wow fadeInLeft\" data-wow-delay=\"1.2s\">\r\n            <figure class=\"image m-img\">\r\n\t\t\t\t   \r\n\t\t\t\t\t<img decoding=\"async\" src=\"https:\/\/regnumteknoloji.com.tr\/wp-content\/uploads\/2024\/06\/choose-1.webp\" alt=\"\"\/>\r\n\t\t\t\t            <\/figure>\r\n         <\/div>\r\n      <\/div>\r\n   <\/div>\r\n <\/section>\r\n <!-- Choose area end --> \r\n\r\n\r\n             \r\n\t\t\t\t\t\t<\/div>\n\t\t\t\t<\/div>\n\t\t\t\t<div class=\"elementor-element elementor-element-a599a3e elementor-widget elementor-widget-spacer\" data-id=\"a599a3e\" data-element_type=\"widget\" data-widget_type=\"spacer.default\">\n\t\t\t\t<div class=\"elementor-widget-container\">\n\t\t\t\t\t\t\t<div class=\"elementor-spacer\">\n\t\t\t<div class=\"elementor-spacer-inner\"><\/div>\n\t\t<\/div>\n\t\t\t\t\t\t<\/div>\n\t\t\t\t<\/div>\n\t\t\t\t<div class=\"elementor-element elementor-element-9235564 elementor-widget elementor-widget-heading\" data-id=\"9235564\" data-element_type=\"widget\" data-widget_type=\"heading.default\">\n\t\t\t\t<div class=\"elementor-widget-container\">\n\t\t\t\t\t<h3 class=\"elementor-heading-title elementor-size-default\">Referanslar\u0131m\u0131z<\/h3>\t\t\t\t<\/div>\n\t\t\t\t<\/div>\n\t\t\t\t<\/div>\n\t\t<div class=\"elementor-element elementor-element-d7ccdc9 e-con-full e-flex e-con e-parent\" data-id=\"d7ccdc9\" data-element_type=\"container\">\n\t\t\t\t<div class=\"elementor-element elementor-element-92a025b elementor-widget elementor-widget-spacer\" data-id=\"92a025b\" data-element_type=\"widget\" data-widget_type=\"spacer.default\">\n\t\t\t\t<div class=\"elementor-widget-container\">\n\t\t\t\t\t\t\t<div class=\"elementor-spacer\">\n\t\t\t<div class=\"elementor-spacer-inner\"><\/div>\n\t\t<\/div>\n\t\t\t\t\t\t<\/div>\n\t\t\t\t<\/div>\n\t\t\t\t<div class=\"elementor-element elementor-element-4365770 elementor-arrows-position-inside elementor-pagination-position-outside elementor-widget elementor-widget-image-carousel\" data-id=\"4365770\" data-element_type=\"widget\" data-settings=\"{&quot;autoplay_speed&quot;:1500,&quot;navigation&quot;:&quot;both&quot;,&quot;autoplay&quot;:&quot;yes&quot;,&quot;pause_on_hover&quot;:&quot;yes&quot;,&quot;pause_on_interaction&quot;:&quot;yes&quot;,&quot;infinite&quot;:&quot;yes&quot;,&quot;speed&quot;:500,&quot;image_spacing_custom&quot;:{&quot;unit&quot;:&quot;px&quot;,&quot;size&quot;:20,&quot;sizes&quot;:[]},&quot;image_spacing_custom_tablet&quot;:{&quot;unit&quot;:&quot;px&quot;,&quot;size&quot;:&quot;&quot;,&quot;sizes&quot;:[]},&quot;image_spacing_custom_mobile&quot;:{&quot;unit&quot;:&quot;px&quot;,&quot;size&quot;:&quot;&quot;,&quot;sizes&quot;:[]}}\" data-widget_type=\"image-carousel.default\">\n\t\t\t\t<div class=\"elementor-widget-container\">\n\t\t\t\t\t\t\t<div class=\"elementor-image-carousel-wrapper swiper\" role=\"region\" aria-roledescription=\"carousel\" aria-label=\"Resim D\u00f6ng\u00fcs\u00fc\" dir=\"ltr\">\n\t\t\t<div class=\"elementor-image-carousel swiper-wrapper\" aria-live=\"off\">\n\t\t\t\t\t\t\t\t<div class=\"swiper-slide\" role=\"group\" aria-roledescription=\"slide\" aria-label=\"1 \/ 1\"><figure class=\"swiper-slide-inner\"><img decoding=\"async\" class=\"swiper-slide-image\" src=\"https:\/\/regnumteknoloji.com.tr\/wp-content\/uploads\/2024\/05\/doganay_logo1-e1719478124153.png\" alt=\"doganay_logo1\" \/><\/figure><\/div>\t\t\t<\/div>\n\t\t\t\t\t<\/div>\n\t\t\t\t\t\t<\/div>\n\t\t\t\t<\/div>\n\t\t\t\t<\/div>\n\t\t\t\t<\/div>\n\t\t","protected":false},"excerpt":{"rendered":"<p>Regnum Teknoloji IoT ile Gelece\u011fi \u015eekillendiriyoruz IoT alan\u0131nda uzmanla\u015fm\u0131\u015f teknoloji \u015firketi olarak, yenilik\u00e7i ve s\u00fcrd\u00fcr\u00fclebilir \u00e7\u00f6z\u00fcmlerimizle dijital d\u00f6n\u00fc\u015f\u00fcm\u00fc sa\u011fl\u0131yoruz. M\u00fc\u015fteri odakl\u0131 yakla\u015f\u0131m\u0131m\u0131z ve ileri teknolojilerimizle, i\u015f ortaklar\u0131m\u0131z\u0131n ba\u015far\u0131s\u0131na katk\u0131da bulunuyoruz. Hakk\u0131m\u0131zda &nbsp; | \u00dcr\u00fcnlerimiz Yenilik\u00e7i Teknoloji \u00dcr\u00fcnleri Regnum Teknoloji olarak, IoT alan\u0131nda geli\u015ftirdi\u011fimiz \u00fcr\u00fcnlerimizle i\u015fletmelerinizin verimlili\u011fini ve performans\u0131n\u0131 art\u0131r\u0131yoruz. Ak\u0131ll\u0131 \u00e7\u00f6z\u00fcmlerimizle, farkl\u0131 sekt\u00f6rlerdeki ihtiya\u00e7lar\u0131n\u0131za \u00f6zel [&hellip;]<\/p>\n","protected":false},"author":2,"featured_media":0,"parent":0,"menu_order":0,"comment_status":"closed","ping_status":"closed","template":"elementor_header_footer","meta":{"inline_featured_image":false,"footnotes":""},"_links":{"self":[{"href":"https:\/\/regnumteknoloji.com.tr\/index.php\/wp-json\/wp\/v2\/pages\/636"}],"collection":[{"href":"https:\/\/regnumteknoloji.com.tr\/index.php\/wp-json\/wp\/v2\/pages"}],"about":[{"href":"https:\/\/regnumteknoloji.com.tr\/index.php\/wp-json\/wp\/v2\/types\/page"}],"author":[{"embeddable":true,"href":"https:\/\/regnumteknoloji.com.tr\/index.php\/wp-json\/wp\/v2\/users\/2"}],"replies":[{"embeddable":true,"href":"https:\/\/regnumteknoloji.com.tr\/index.php\/wp-json\/wp\/v2\/comments?post=636"}],"version-history":[{"count":218,"href":"https:\/\/regnumteknoloji.com.tr\/index.php\/wp-json\/wp\/v2\/pages\/636\/revisions"}],"predecessor-version":[{"id":2899,"href":"https:\/\/regnumteknoloji.com.tr\/index.php\/wp-json\/wp\/v2\/pages\/636\/revisions\/2899"}],"wp:attachment":[{"href":"https:\/\/regnumteknoloji.com.tr\/index.php\/wp-json\/wp\/v2\/media?parent=636"}],"curies":[{"name":"wp","href":"https:\/\/api.w.org\/{rel}","templated":true}]}}