{"id":2460,"date":"2024-05-22T15:47:15","date_gmt":"2024-05-22T15:47:15","guid":{"rendered":"https:\/\/regnumteknoloji.com.tr\/?page_id=2460"},"modified":"2024-06-01T08:25:10","modified_gmt":"2024-06-01T08:25:10","slug":"products","status":"publish","type":"page","link":"https:\/\/regnumteknoloji.com.tr\/index.php\/products\/","title":{"rendered":"\u00dcr\u00fcnler"},"content":{"rendered":"\t\t<div data-elementor-type=\"wp-page\" data-elementor-id=\"2460\" class=\"elementor elementor-2460\">\n\t\t\t\t<div class=\"elementor-element elementor-element-a301ffd e-con-full e-flex e-con e-parent\" data-id=\"a301ffd\" data-element_type=\"container\">\n\t\t\t\t<div class=\"elementor-element elementor-element-4258145 elementor-widget elementor-widget-about_with_image\" data-id=\"4258145\" data-element_type=\"widget\" data-widget_type=\"about_with_image.default\">\n\t\t\t\t<div class=\"elementor-widget-container\">\n\t\t\t\t\t\r\n\r\n\t <script>\r\n jQuery(document).ready(function($) {\r\n\r\n\/\/write js code under this line \r\n\r\n\r\n\r\n\/\/write code above the line \r\n\r\n  });\r\n<\/script>\r\n  <!-- about two area start --> \r\n  <section class=\"about-2-section p-relative fix section-space\">\r\n   <div class=\"bg-shape-1\" data-background=\"https:\/\/regnumteknoloji.com.tr\/wp-content\/uploads\/2024\/02\/shape-30.png\"><\/div>\r\n   <div class=\"bg-shape-2\" data-background=\"https:\/\/regnumteknoloji.com.tr\/wp-content\/uploads\/2024\/02\/shape-31.png\"><\/div>\r\n   <div class=\"small-container\">\r\n      <div class=\"row\">\r\n         <div class=\"col-xxl-6 col-xl-6 col-lg-6 col-md-12\">\r\n            <div class=\"about-2-image-area p-relative wow fadeInLeft\" data-wow-delay=\"500ms\">\r\n               <figure class=\"main-image m-img\">\r\n\t\t\t      \r\n\t\t\t\t\t<img decoding=\"async\" src=\"https:\/\/regnumteknoloji.com.tr\/wp-content\/uploads\/2024\/05\/it-e1716394864249.webp\" alt=\"\"\/>\r\n\t\t\t\t               <\/figure>\r\n               <div class=\"small-image\">\r\n\t\t\t      \r\n\t\t\t\t\t<img decoding=\"async\" src=\"https:\/\/regnumteknoloji.com.tr\/wp-content\/uploads\/2024\/05\/hardware-e1716394761678.jpg\" alt=\"\"\/>\r\n\t\t\t\t               <\/div>\r\n               <div class=\"icon-box\">\r\n                  <div class=\"icon\">\r\n                     <i class=\" icon-share\"><\/i>\r\n                  <\/div>\r\n                  <div class=\"content\">\r\n                     <h3 class=\"mb-10\"><span class=\"counter\">5<\/span>+<\/h3>\r\n                     <p>Y\u0131ll\u0131k Ar-Ge Deneyimi <\/p>\r\n                  <\/div>\r\n               <\/div>\r\n               <div class=\"shape-1\" data-background=\"https:\/\/regnumteknoloji.com.tr\/wp-content\/uploads\/2024\/02\/shape-29.png\"><\/div>\r\n            <\/div>\r\n         <\/div>\r\n         <div class=\"col-xxl-6 col-xl-6 col-lg-6 col-md-12\">\r\n            <div class=\"about-2-content-area pl-50\">\r\n               <div class=\"title-box mb-35 wow fadeInRight\" data-wow-delay=\".5s\">\r\n                  <span class=\"section-sub-title\">\u00dcr\u00fcnlerimiz<\/span>\r\n                  <h3 class=\"section-title mt-10\">Yenilik\u00e7i Teknoloji \u00dcr\u00fcnleri<\/h3>\r\n               <\/div>\r\n               <p class=\"mb-35\">Regnum Teknoloji olarak, nesnelerin interneti (IoT) alan\u0131nda yenilik\u00e7i ve etkili \u00fcr\u00fcnlerle i\u015fletmenizin dijital d\u00f6n\u00fc\u015f\u00fcm\u00fcne \u00f6nc\u00fcl\u00fck ediyoruz. Geli\u015ftirdi\u011fimiz \u00fcr\u00fcnler, farkl\u0131 sekt\u00f6rlerdeki i\u015f ortaklar\u0131m\u0131z\u0131n operasyonel verimliliklerini art\u0131rarak onlar\u0131 gelece\u011fe haz\u0131rl\u0131yor.\n\n<br>\n<br>\n\n\u00dcr\u00fcnlerimiz, i\u015f ortaklar\u0131m\u0131z\u0131n \u00f6zel ihtiya\u00e7lar\u0131na g\u00f6re ki\u015fiselle\u015ftirilebilir ve kolay entegrasyon sa\u011flar. Regnum Teknoloji olarak, IoT tabanl\u0131 \u00e7\u00f6z\u00fcmlerimizle i\u015f s\u00fcre\u00e7lerinizi daha verimli, g\u00fcvenli ve s\u00fcrd\u00fcr\u00fclebilir k\u0131lmay\u0131 ama\u00e7l\u0131yoruz. IoT \u00fcr\u00fcnlerimizin sundu\u011fu avantajlar\u0131 ke\u015ffetmek ve i\u015finizi bir ad\u0131m \u00f6teye ta\u015f\u0131mak i\u00e7in bizimle ileti\u015fime ge\u00e7in.\n<\/p>\r\n               <div class=\"row mb-45\">\r\n                  <div class=\"col-lg-6\">\r\n                     <ul class=\"list-area\">\r\n\t\t\t\t\t \t                        <li class=\"mb-10\">We Provide best services<\/li>\r\n\t\t\t\t\t\t                     <\/ul>\r\n                  <\/div>\r\n                  <div class=\"col-lg-6\">\r\n                     <ul class=\"list-area\">\r\n\t\t\t\t\t \t                        <li class=\"mb-10\">Professional Engineers Provide<\/li>\r\n\t\t\t\t\t\t                     <\/ul>\r\n                  <\/div>\r\n               <\/div>\r\n               <div class=\"about-2-btn-area\">\r\n                  <a class=\"primary-btn-1 btn-hover\" href=\"\">\r\n\t\t\t\t   &nbsp; | <i class=\"icon-right-arrow\"><\/i>\r\n                     <span style=\"top: 147.172px; left: 108.5px;\"><\/span>\r\n                  <\/a>\r\n                  <div class=\"call-us\">\r\n                     <div class=\"icon-1\">\r\n                        <i class=\"fal fa-phone-volume\"><\/i>\r\n                     <\/div>\r\n                     <div class=\"content p-relative\">\r\n                        <span><\/span>\r\n                           <h5><a href=\"\"><\/a><\/h5>\r\n                       <\/div>\r\n                  <\/div>\r\n               <\/div>\r\n            <\/div>\r\n         <\/div>\r\n      <\/div>\r\n   <\/div>\r\n <\/section>\r\n <!-- about two area end --> \r\n\r\n \t\r\n\t\r\n\t\r\n\r\n\t\t\t\t\t\t<\/div>\n\t\t\t\t<\/div>\n\t\t\t\t<div class=\"elementor-element elementor-element-864df1f elementor-widget elementor-widget-service_tab\" data-id=\"864df1f\" data-element_type=\"widget\" data-widget_type=\"service_tab.default\">\n\t\t\t\t<div class=\"elementor-widget-container\">\n\t\t\t\t\t\r\n\r\n\t <script>\r\n jQuery(document).ready(function($) {\r\n\r\n\/\/write js code under this line \r\n\r\n\r\n\/\/write code above the line \r\n\r\n  });\r\n<\/script>\r\n <!-- Service tab area start --> \r\n <section class=\"service-tab-section section-space bg-color-1 p-relative\">\r\n   <div class=\"bg-image\" data-background=\"https:\/\/regnumteknoloji.com.tr\/wp-content\/uploads\/2024\/02\/shape-35.png\"><\/div>\r\n   <div class=\"bg-shape-1\" data-background=\"https:\/\/regnumteknoloji.com.tr\/wp-content\/uploads\/2024\/02\/shape-33.png\"><\/div>\r\n   <div class=\"bg-shape-2\" data-background=\"https:\/\/regnumteknoloji.com.tr\/wp-content\/uploads\/2024\/02\/shape-34.png\"><\/div>\r\n   <div class=\"small-container\">\r\n\r\n      <div class=\"service-tab-title-area mb-70\">\r\n\t  \t\t\t       <\/div>\r\n\t  \r\n      <div class=\"row\">\r\n         <div class=\"col-xxl-4 col-xl-4 col-lg-4\">\r\n            <div class=\"service-tab-btn-area wow fadeInLeft\" data-wow-delay=\"500ms\">\r\n               <ul class=\"nav nav-tabs\" id=\"myTab\" role=\"tablist\">\r\n\t\t\t   \t                  <li class=\"nav-item\" role=\"presentation\">\r\n                     <a href=\"javascript:void(0)\" class=\"nav-link \" id=\"0-tab\" data-bs-toggle=\"tab\"\r\n                        data-bs-target=\"#0-tab-pane\" role=\"tab\"\r\n                        aria-controls=\"0-tab-pane\" aria-selected=\"true\">\r\n                        <div class=\"icon-box\">\r\n\t\t\t\t\t\t                        <\/div>\r\n                        Asset Tag: Envanter Takibi \u0130\u00e7in Ak\u0131ll\u0131 \u00c7\u00f6z\u00fcm                     <\/a>\r\n                  <\/li>\r\n\t\t\t\t                    <li class=\"nav-item\" role=\"presentation\">\r\n                     <a href=\"javascript:void(0)\" class=\"nav-link active\" id=\"1-tab\" data-bs-toggle=\"tab\"\r\n                        data-bs-target=\"#1-tab-pane\" role=\"tab\"\r\n                        aria-controls=\"1-tab-pane\" aria-selected=\"true\">\r\n                        <div class=\"icon-box\">\r\n\t\t\t\t\t\t                        <\/div>\r\n                        Cooler Pulse: Ak\u0131ll\u0131 Dijital Termostat                     <\/a>\r\n                  <\/li>\r\n\t\t\t\t                 <\/ul>\r\n            <\/div>\r\n         <\/div>\r\n         <div class=\"col-xxl-8 col-xl-8 col-lg-8\">\r\n            <div class=\"service-tab-details-area\">\r\n               <div class=\"tab-content\" id=\"myTabContent\">\r\n\t\t\t   \t                  <div class=\"tab-pane fade show \" id=\"0-tab-pane\" role=\"tabpanel\"\r\n                     aria-labelledby=\"0-tab\" tabindex=\"0\">\r\n                     <div class=\"service-tab-content p-relative\">\r\n                        <div class=\"tab-bg-shape\" data-background=\"https:\/\/regnumteknoloji.com.tr\/wp-content\/uploads\/2024\/02\/shape-32.png\"><\/div>\r\n                        <figure class=\"image p-relative\">\r\n\t\t\t\t\t\t\t<img decoding=\"async\" src=\"https:\/\/regnumteknoloji.com.tr\/wp-content\/uploads\/2024\/06\/output-onlinepngtools-1.png\" alt=\"\">\r\n                        <\/figure>\r\n                        <div class=\"content p-relative\">\r\n                           <h4>Asset Tag: Envanter Takibi \u0130\u00e7in Ak\u0131ll\u0131 \u00c7\u00f6z\u00fcm<\/h4>\r\n                           <p class=\"pt-15 pb-10\">Regnum Teknoloji'nin yenilik\u00e7i \u00fcr\u00fcnlerinden biri olan Asset Tag, saha envanter y\u00f6netimini kolayla\u015ft\u0131ran ve optimize eden ak\u0131ll\u0131 bir \u00e7\u00f6z\u00fcmd\u00fcr. Saha personelinizin terminallerine y\u00fckleyece\u011finiz uygulama sayesinde, envanterinizi ger\u00e7ek zamanl\u0131 olarak izleyebilir ve y\u00f6netebilirsiniz.<\/p>\r\n                           <ul class=\"tab-list-content\">\r\n\t\t\t\t\t\t   \t\t                           <\/ul>\r\n                           <a class=\"primary-btn-1 btn-hover mt-20\" href=\"https:\/\/regnumteknoloji.com.tr\/index.php\/contact\/\">\r\n\t\t\t\t\t\t   Bizimle \u0130leti\u015fime Ge\u00e7in &nbsp; | <i class=\"icon-right-arrow\"><\/i>\r\n                              <span style=\"top: 147.172px; left: 108.5px;\"><\/span>\r\n                           <\/a>\r\n                        <\/div>\r\n                     <\/div>\r\n                  <\/div>\r\n\t\t\t\t                    <div class=\"tab-pane fade show active\" id=\"1-tab-pane\" role=\"tabpanel\"\r\n                     aria-labelledby=\"1-tab\" tabindex=\"0\">\r\n                     <div class=\"service-tab-content p-relative\">\r\n                        <div class=\"tab-bg-shape\" data-background=\"https:\/\/regnumteknoloji.com.tr\/wp-content\/uploads\/2024\/02\/shape-32.png\"><\/div>\r\n                        <figure class=\"image p-relative\">\r\n\t\t\t\t\t\t\t<img decoding=\"async\" src=\"https:\/\/regnumteknoloji.com.tr\/wp-content\/uploads\/2024\/06\/output-onlinepngtools.png\" alt=\"\">\r\n                        <\/figure>\r\n                        <div class=\"content p-relative\">\r\n                           <h4>Cooler Pulse: Ak\u0131ll\u0131 Dijital Termostat<\/h4>\r\n                           <p class=\"pt-15 pb-10\">End\u00fcstriyel so\u011futma cihazlar\u0131 i\u00e7in devrim niteli\u011finde bir \u00e7\u00f6z\u00fcm olan Cooler Pulse, Regnum Teknoloji'nin yenilik\u00e7i \u00fcr\u00fcnlerinden biridir. Bu ak\u0131ll\u0131 dijital termostat, sadece s\u0131cakl\u0131k kontrol\u00fc sa\u011flamakla kalmaz, ayn\u0131 zamanda dolab\u0131n\u0131z\u0131n performans\u0131n\u0131 ve verimlili\u011fini art\u0131rmak i\u00e7in bir dizi ileri teknoloji \u00f6zellik sunar.<\/p>\r\n                           <ul class=\"tab-list-content\">\r\n\t\t\t\t\t\t   \t\t                           <\/ul>\r\n                           <a class=\"primary-btn-1 btn-hover mt-20\" href=\"https:\/\/regnumteknoloji.com.tr\/index.php\/contact\/\">\r\n\t\t\t\t\t\t   Bizimle \u0130leti\u015fime Ge\u00e7in &nbsp; | <i class=\"icon-right-arrow\"><\/i>\r\n                              <span style=\"top: 147.172px; left: 108.5px;\"><\/span>\r\n                           <\/a>\r\n                        <\/div>\r\n                     <\/div>\r\n                  <\/div>\r\n\t\t\t\t                 <\/div>\r\n            <\/div>            \r\n         <\/div>\r\n      <\/div>\r\n   <\/div>\r\n <\/section>\r\n <!-- Service tab area end --> \r\n\r\n \t\r\n             \r\n\t\t\t\t\t<\/div>\n\t\t\t\t<\/div>\n\t\t\t\t<div class=\"elementor-element elementor-element-6c3e1ec elementor-widget elementor-widget-text_slide\" data-id=\"6c3e1ec\" data-element_type=\"widget\" data-widget_type=\"text_slide.default\">\n\t\t\t\t<div class=\"elementor-widget-container\">\n\t\t\t\t\t\r\n\r\n\t <script>\r\n jQuery(document).ready(function($) {\r\n\r\n\/\/write js code under this line \r\n\r\n\r\n\/\/write code above the line \r\n\r\n  });\r\n<\/script>\r\n\r\n<!-- Text slider area start --> \r\n<section class=\"text-slider-section section-space fix\">\r\n   <div class=\"container-fluid\">\r\n      <div class=\"text-slider-box\">\r\n\t           <div class=\"slide-box\">\r\n\t\t <svg width=\"60\" height=\"60\" viewBox=\"0 0 60 60\" fill=\"none\" xmlns=\"http:\/\/www.w3.org\/2000\/svg\">\r\n               <path d=\"M30 0L38.1027 21.8973L60 30L38.1027 38.1027L30 60L21.8973 38.1027L0 30L21.8973 21.8973L30 0Z\" fill=\"#3c72fc\"\/>\r\n            <\/svg>\r\n            <h1>Ak\u0131ll\u0131 \u00c7\u00f6z\u00fcmler<\/h1>\r\n         <\/div>\r\n\t\t          <div class=\"slide-box\">\r\n\t\t <svg width=\"60\" height=\"60\" viewBox=\"0 0 60 60\" fill=\"none\" xmlns=\"http:\/\/www.w3.org\/2000\/svg\">\r\n               <path d=\"M30 0L38.1027 21.8973L60 30L38.1027 38.1027L30 60L21.8973 38.1027L0 30L21.8973 21.8973L30 0Z\" fill=\"#3c72fc\"\/>\r\n            <\/svg>\r\n            <h1>S\u00fcrd\u00fcr\u00fclebilir Gelecek<\/h1>\r\n         <\/div>\r\n\t\t       <\/div>\r\n   <\/div>\r\n <\/section>\r\n <!-- Text slider area end --> \r\n \t\r\n             \r\n\t\t\t\t\t\t<\/div>\n\t\t\t\t<\/div>\n\t\t\t\t<\/div>\n\t\t\t\t<\/div>\n\t\t","protected":false},"excerpt":{"rendered":"<p>5+ Y\u0131ll\u0131k Ar-Ge Deneyimi \u00dcr\u00fcnlerimiz Yenilik\u00e7i Teknoloji \u00dcr\u00fcnleri Regnum Teknoloji olarak, nesnelerin interneti (IoT) alan\u0131nda yenilik\u00e7i ve etkili \u00fcr\u00fcnlerle i\u015fletmenizin dijital d\u00f6n\u00fc\u015f\u00fcm\u00fcne \u00f6nc\u00fcl\u00fck ediyoruz. Geli\u015ftirdi\u011fimiz \u00fcr\u00fcnler, farkl\u0131 sekt\u00f6rlerdeki i\u015f ortaklar\u0131m\u0131z\u0131n operasyonel verimliliklerini art\u0131rarak onlar\u0131 gelece\u011fe haz\u0131rl\u0131yor. \u00dcr\u00fcnlerimiz, i\u015f ortaklar\u0131m\u0131z\u0131n \u00f6zel ihtiya\u00e7lar\u0131na g\u00f6re ki\u015fiselle\u015ftirilebilir ve kolay entegrasyon sa\u011flar. Regnum Teknoloji olarak, IoT tabanl\u0131 \u00e7\u00f6z\u00fcmlerimizle i\u015f s\u00fcre\u00e7lerinizi [&hellip;]<\/p>\n","protected":false},"author":2,"featured_media":0,"parent":0,"menu_order":0,"comment_status":"closed","ping_status":"closed","template":"elementor_header_footer","meta":{"inline_featured_image":false,"footnotes":""},"_links":{"self":[{"href":"https:\/\/regnumteknoloji.com.tr\/index.php\/wp-json\/wp\/v2\/pages\/2460"}],"collection":[{"href":"https:\/\/regnumteknoloji.com.tr\/index.php\/wp-json\/wp\/v2\/pages"}],"about":[{"href":"https:\/\/regnumteknoloji.com.tr\/index.php\/wp-json\/wp\/v2\/types\/page"}],"author":[{"embeddable":true,"href":"https:\/\/regnumteknoloji.com.tr\/index.php\/wp-json\/wp\/v2\/users\/2"}],"replies":[{"embeddable":true,"href":"https:\/\/regnumteknoloji.com.tr\/index.php\/wp-json\/wp\/v2\/comments?post=2460"}],"version-history":[{"count":76,"href":"https:\/\/regnumteknoloji.com.tr\/index.php\/wp-json\/wp\/v2\/pages\/2460\/revisions"}],"predecessor-version":[{"id":2832,"href":"https:\/\/regnumteknoloji.com.tr\/index.php\/wp-json\/wp\/v2\/pages\/2460\/revisions\/2832"}],"wp:attachment":[{"href":"https:\/\/regnumteknoloji.com.tr\/index.php\/wp-json\/wp\/v2\/media?parent=2460"}],"curies":[{"name":"wp","href":"https:\/\/api.w.org\/{rel}","templated":true}]}}