{"id":2312,"date":"2024-05-22T13:23:09","date_gmt":"2024-05-22T13:23:09","guid":{"rendered":"https:\/\/regnumteknoloji.com.tr\/?page_id=2312"},"modified":"2024-05-25T11:26:37","modified_gmt":"2024-05-25T11:26:37","slug":"solutions","status":"publish","type":"page","link":"https:\/\/regnumteknoloji.com.tr\/index.php\/solutions\/","title":{"rendered":"\u00c7\u00f6z\u00fcmler"},"content":{"rendered":"\t\t<div data-elementor-type=\"wp-page\" data-elementor-id=\"2312\" class=\"elementor elementor-2312\">\n\t\t\t\t<div class=\"elementor-element elementor-element-a301ffd e-con-full e-flex e-con e-parent\" data-id=\"a301ffd\" data-element_type=\"container\">\n\t\t\t\t<div class=\"elementor-element elementor-element-6cc77c9 elementor-widget elementor-widget-about_with_image\" data-id=\"6cc77c9\" data-element_type=\"widget\" data-widget_type=\"about_with_image.default\">\n\t\t\t\t<div class=\"elementor-widget-container\">\n\t\t\t\t\t\r\n\r\n\t <script>\r\n jQuery(document).ready(function($) {\r\n\r\n\/\/write js code under this line \r\n\r\n\r\n\r\n\/\/write code above the line \r\n\r\n  });\r\n<\/script>\r\n  <!-- about two area start --> \r\n  <section class=\"about-2-section p-relative fix section-space\">\r\n   <div class=\"bg-shape-1\" data-background=\"https:\/\/regnumteknoloji.com.tr\/wp-content\/uploads\/2024\/02\/shape-30.png\"><\/div>\r\n   <div class=\"bg-shape-2\" data-background=\"https:\/\/regnumteknoloji.com.tr\/wp-content\/uploads\/2024\/02\/shape-31.png\"><\/div>\r\n   <div class=\"small-container\">\r\n      <div class=\"row\">\r\n         <div class=\"col-xxl-6 col-xl-6 col-lg-6 col-md-12\">\r\n            <div class=\"about-2-image-area p-relative wow fadeInLeft\" data-wow-delay=\"500ms\">\r\n               <figure class=\"main-image m-img\">\r\n\t\t\t      \r\n\t\t\t\t\t<img decoding=\"async\" src=\"https:\/\/regnumteknoloji.com.tr\/wp-content\/uploads\/2024\/05\/it-e1716394864249.webp\" alt=\"\"\/>\r\n\t\t\t\t               <\/figure>\r\n               <div class=\"small-image\">\r\n\t\t\t      \r\n\t\t\t\t\t<img decoding=\"async\" src=\"https:\/\/regnumteknoloji.com.tr\/wp-content\/uploads\/2024\/05\/hardware-e1716394761678.jpg\" alt=\"\"\/>\r\n\t\t\t\t               <\/div>\r\n               <div class=\"icon-box\">\r\n                  <div class=\"icon\">\r\n                     <i class=\" icon-share\"><\/i>\r\n                  <\/div>\r\n                  <div class=\"content\">\r\n                     <h3 class=\"mb-10\"><span class=\"counter\">5<\/span>+<\/h3>\r\n                     <p>Y\u0131ll\u0131k Ar-Ge Deneyimi <\/p>\r\n                  <\/div>\r\n               <\/div>\r\n               <div class=\"shape-1\" data-background=\"https:\/\/regnumteknoloji.com.tr\/wp-content\/uploads\/2024\/02\/shape-29.png\"><\/div>\r\n            <\/div>\r\n         <\/div>\r\n         <div class=\"col-xxl-6 col-xl-6 col-lg-6 col-md-12\">\r\n            <div class=\"about-2-content-area pl-50\">\r\n               <div class=\"title-box mb-35 wow fadeInRight\" data-wow-delay=\".5s\">\r\n                  <span class=\"section-sub-title\">\u00c7\u00f6z\u00fcmlerimiz<\/span>\r\n                  <h3 class=\"section-title mt-10\">\u0130\u015finizi Gelece\u011fe Ta\u015f\u0131yoruz<\/h3>\r\n               <\/div>\r\n               <p class=\"mb-35\">Regnum Teknoloji olarak, nesnelerin interneti (IoT) alan\u0131nda geni\u015f bir yelpazede yenilik\u00e7i ve etkili \u00e7\u00f6z\u00fcmler sunuyoruz. \u0130\u015f ortaklar\u0131m\u0131z\u0131n operasyonel verimliliklerini art\u0131rmak ve dijital d\u00f6n\u00fc\u015f\u00fcmlerine katk\u0131da bulunmak i\u00e7in geli\u015ftirdi\u011fimiz \u00e7\u00f6z\u00fcmlerimizle, sekt\u00f6rdeki lider konumumuzu s\u00fcrd\u00fcr\u00fcyoruz.\u00a0\n\n<br>\n<br>\n\nHer bir \u00e7\u00f6z\u00fcm\u00fcm\u00fcz, i\u015f ortaklar\u0131m\u0131z\u0131n spesifik ihtiya\u00e7lar\u0131na g\u00f6re \u00f6zelle\u015ftirilebilir ve entegrasyon kolayl\u0131\u011f\u0131 sunar. Regnum Teknoloji olarak, IoT \u00e7\u00f6z\u00fcmlerimizle i\u015f s\u00fcre\u00e7lerinizi daha verimli, g\u00fcvenli ve s\u00fcrd\u00fcr\u00fclebilir hale getirmeyi hedefliyoruz. Daha fazla bilgi ve \u00e7\u00f6z\u00fcm talepleriniz i\u00e7in bizimle ileti\u015fime\u00a0ge\u00e7in.\n<\/p>\r\n               <div class=\"row mb-45\">\r\n                  <div class=\"col-lg-6\">\r\n                     <ul class=\"list-area\">\r\n\t\t\t\t\t \t                        <li class=\"mb-10\">We Provide best services<\/li>\r\n\t\t\t\t\t\t                     <\/ul>\r\n                  <\/div>\r\n                  <div class=\"col-lg-6\">\r\n                     <ul class=\"list-area\">\r\n\t\t\t\t\t \t                        <li class=\"mb-10\">Professional Engineers Provide<\/li>\r\n\t\t\t\t\t\t                     <\/ul>\r\n                  <\/div>\r\n               <\/div>\r\n               <div class=\"about-2-btn-area\">\r\n                  <a class=\"primary-btn-1 btn-hover\" href=\"\">\r\n\t\t\t\t   &nbsp; | <i class=\"icon-right-arrow\"><\/i>\r\n                     <span style=\"top: 147.172px; left: 108.5px;\"><\/span>\r\n                  <\/a>\r\n                  <div class=\"call-us\">\r\n                     <div class=\"icon-1\">\r\n                        <i class=\"fal fa-phone-volume\"><\/i>\r\n                     <\/div>\r\n                     <div class=\"content p-relative\">\r\n                        <span><\/span>\r\n                           <h5><a href=\"\"><\/a><\/h5>\r\n                       <\/div>\r\n                  <\/div>\r\n               <\/div>\r\n            <\/div>\r\n         <\/div>\r\n      <\/div>\r\n   <\/div>\r\n <\/section>\r\n <!-- about two area end --> \r\n\r\n \t\r\n\t\r\n\t\r\n\r\n\t\t\t\t\t\t<\/div>\n\t\t\t\t<\/div>\n\t\t\t\t<div class=\"elementor-element elementor-element-864df1f elementor-widget elementor-widget-service_tab\" data-id=\"864df1f\" data-element_type=\"widget\" data-widget_type=\"service_tab.default\">\n\t\t\t\t<div class=\"elementor-widget-container\">\n\t\t\t\t\t\r\n\r\n\t <script>\r\n jQuery(document).ready(function($) {\r\n\r\n\/\/write js code under this line \r\n\r\n\r\n\/\/write code above the line \r\n\r\n  });\r\n<\/script>\r\n <!-- Service tab area start --> \r\n <section class=\"service-tab-section section-space bg-color-1 p-relative\">\r\n   <div class=\"bg-image\" data-background=\"https:\/\/regnumteknoloji.com.tr\/wp-content\/uploads\/2024\/02\/shape-35.png\"><\/div>\r\n   <div class=\"bg-shape-1\" data-background=\"https:\/\/regnumteknoloji.com.tr\/wp-content\/uploads\/2024\/02\/shape-33.png\"><\/div>\r\n   <div class=\"bg-shape-2\" data-background=\"https:\/\/regnumteknoloji.com.tr\/wp-content\/uploads\/2024\/02\/shape-34.png\"><\/div>\r\n   <div class=\"small-container\">\r\n\r\n      <div class=\"service-tab-title-area mb-70\">\r\n\t  \t         <div class=\"title-box wow fadeInLeft\" data-wow-delay=\".5s\">\r\n            <span class=\"section-sub-title\">\u00c7\u00f6z\u00fcmler<\/span>\r\n            <h3 class=\"section-title mt-10 text-white p-relative\">\u00c7\u00f6z\u00fcmlerimize g\u00f6z at\u0131n<\/h3>\r\n         <\/div>\r\n\t\t \t\t       <\/div>\r\n\t  \r\n      <div class=\"row\">\r\n         <div class=\"col-xxl-4 col-xl-4 col-lg-4\">\r\n            <div class=\"service-tab-btn-area wow fadeInLeft\" data-wow-delay=\"500ms\">\r\n               <ul class=\"nav nav-tabs\" id=\"myTab\" role=\"tablist\">\r\n\t\t\t   \t                  <li class=\"nav-item\" role=\"presentation\">\r\n                     <a href=\"javascript:void(0)\" class=\"nav-link \" id=\"0-tab\" data-bs-toggle=\"tab\"\r\n                        data-bs-target=\"#0-tab-pane\" role=\"tab\"\r\n                        aria-controls=\"0-tab-pane\" aria-selected=\"true\">\r\n                        <div class=\"icon-box\">\r\n\t\t\t\t\t\t                        <\/div>\r\n                        So\u011fuk Hava Deposu ve So\u011fuk Zincir Takibi                     <\/a>\r\n                  <\/li>\r\n\t\t\t\t                    <li class=\"nav-item\" role=\"presentation\">\r\n                     <a href=\"javascript:void(0)\" class=\"nav-link active\" id=\"1-tab\" data-bs-toggle=\"tab\"\r\n                        data-bs-target=\"#1-tab-pane\" role=\"tab\"\r\n                        aria-controls=\"1-tab-pane\" aria-selected=\"true\">\r\n                        <div class=\"icon-box\">\r\n\t\t\t\t\t\t                        <\/div>\r\n                        Saha Envanter Takibi                     <\/a>\r\n                  <\/li>\r\n\t\t\t\t                    <li class=\"nav-item\" role=\"presentation\">\r\n                     <a href=\"javascript:void(0)\" class=\"nav-link \" id=\"2-tab\" data-bs-toggle=\"tab\"\r\n                        data-bs-target=\"#2-tab-pane\" role=\"tab\"\r\n                        aria-controls=\"2-tab-pane\" aria-selected=\"true\">\r\n                        <div class=\"icon-box\">\r\n\t\t\t\t\t\t                        <\/div>\r\n                        Saha Personeli Takibi                     <\/a>\r\n                  <\/li>\r\n\t\t\t\t                    <li class=\"nav-item\" role=\"presentation\">\r\n                     <a href=\"javascript:void(0)\" class=\"nav-link \" id=\"3-tab\" data-bs-toggle=\"tab\"\r\n                        data-bs-target=\"#3-tab-pane\" role=\"tab\"\r\n                        aria-controls=\"3-tab-pane\" aria-selected=\"true\">\r\n                        <div class=\"icon-box\">\r\n\t\t\t\t\t\t                        <\/div>\r\n                        Sat\u0131\u015f Noktas\u0131 Stok Takibi                     <\/a>\r\n                  <\/li>\r\n\t\t\t\t                 <\/ul>\r\n            <\/div>\r\n         <\/div>\r\n         <div class=\"col-xxl-8 col-xl-8 col-lg-8\">\r\n            <div class=\"service-tab-details-area\">\r\n               <div class=\"tab-content\" id=\"myTabContent\">\r\n\t\t\t   \t                  <div class=\"tab-pane fade show \" id=\"0-tab-pane\" role=\"tabpanel\"\r\n                     aria-labelledby=\"0-tab\" tabindex=\"0\">\r\n                     <div class=\"service-tab-content p-relative\">\r\n                        <div class=\"tab-bg-shape\" data-background=\"https:\/\/regnumteknoloji.com.tr\/wp-content\/uploads\/2024\/02\/shape-32.png\"><\/div>\r\n                        <figure class=\"image p-relative\">\r\n\t\t\t\t\t\t\t<img decoding=\"async\" src=\"https:\/\/regnumteknoloji.com.tr\/wp-content\/uploads\/2024\/05\/padding-0.png\" alt=\"\">\r\n                        <\/figure>\r\n                        <div class=\"content p-relative\">\r\n                           <h4>So\u011fuk Hava Deposu ve So\u011fuk Zincir Takibi<\/h4>\r\n                           <p class=\"pt-15 pb-10\">So\u011fuk hava depolar\u0131 ve so\u011fuk zincir s\u00fcre\u00e7lerinde kritik \u00f6neme sahip olan s\u0131cakl\u0131k ve nem kontrol\u00fcn\u00fc en hassas \u015fekilde y\u00f6netmenizi sa\u011fl\u0131yoruz. IoT tabanl\u0131 \u00e7\u00f6z\u00fcmlerimizle, g\u0131da ve ila\u00e7 gibi hassas \u00fcr\u00fcnlerin g\u00fcvenli bir \u015fekilde ta\u015f\u0131nmas\u0131n\u0131 ve depolanmas\u0131n\u0131 garanti alt\u0131na alarak, bozulma ve kay\u0131plar\u0131 minimuma indiriyoruz.<\/p>\r\n                           <ul class=\"tab-list-content\">\r\n\t\t\t\t\t\t   \t\t                           <\/ul>\r\n                           <a class=\"primary-btn-1 btn-hover mt-20\" href=\"https:\/\/regnumteknoloji.com.tr\/index.php\/contact\/\">\r\n\t\t\t\t\t\t   Bizimle \u0130leti\u015fime Ge\u00e7in &nbsp; | <i class=\"icon-right-arrow\"><\/i>\r\n                              <span style=\"top: 147.172px; left: 108.5px;\"><\/span>\r\n                           <\/a>\r\n                        <\/div>\r\n                     <\/div>\r\n                  <\/div>\r\n\t\t\t\t                    <div class=\"tab-pane fade show active\" id=\"1-tab-pane\" role=\"tabpanel\"\r\n                     aria-labelledby=\"1-tab\" tabindex=\"0\">\r\n                     <div class=\"service-tab-content p-relative\">\r\n                        <div class=\"tab-bg-shape\" data-background=\"https:\/\/regnumteknoloji.com.tr\/wp-content\/uploads\/2024\/02\/shape-32.png\"><\/div>\r\n                        <figure class=\"image p-relative\">\r\n\t\t\t\t\t\t\t<img decoding=\"async\" src=\"https:\/\/regnumteknoloji.com.tr\/wp-content\/uploads\/2024\/05\/padding-1.png\" alt=\"\">\r\n                        <\/figure>\r\n                        <div class=\"content p-relative\">\r\n                           <h4>Saha Envanter Takibi<\/h4>\r\n                           <p class=\"pt-15 pb-10\">Saha envanter takibi \u00e7\u00f6z\u00fcm\u00fcm\u00fcz, hareket halindeki varl\u0131klar\u0131n\u0131z\u0131 ger\u00e7ek zamanl\u0131 olarak izlemenize ve y\u00f6netmenize imkan tan\u0131r. Bu sayede envanter do\u011frulu\u011funu art\u0131r\u0131r, kay\u0131p ve h\u0131rs\u0131zl\u0131k risklerini azalt\u0131r ve operasyonel verimlili\u011fi maksimum seviyeye \u00e7\u0131kar\u0131rs\u0131n\u0131z.\n\n<\/p>\r\n                           <ul class=\"tab-list-content\">\r\n\t\t\t\t\t\t   \t\t                           <\/ul>\r\n                           <a class=\"primary-btn-1 btn-hover mt-20\" href=\"https:\/\/regnumteknoloji.com.tr\/index.php\/contact\/\">\r\n\t\t\t\t\t\t   Bizimle \u0130leti\u015fime Ge\u00e7in &nbsp; | <i class=\"icon-right-arrow\"><\/i>\r\n                              <span style=\"top: 147.172px; left: 108.5px;\"><\/span>\r\n                           <\/a>\r\n                        <\/div>\r\n                     <\/div>\r\n                  <\/div>\r\n\t\t\t\t                    <div class=\"tab-pane fade show \" id=\"2-tab-pane\" role=\"tabpanel\"\r\n                     aria-labelledby=\"2-tab\" tabindex=\"0\">\r\n                     <div class=\"service-tab-content p-relative\">\r\n                        <div class=\"tab-bg-shape\" data-background=\"https:\/\/regnumteknoloji.com.tr\/wp-content\/uploads\/2024\/02\/shape-32.png\"><\/div>\r\n                        <figure class=\"image p-relative\">\r\n\t\t\t\t\t\t\t<img decoding=\"async\" src=\"https:\/\/regnumteknoloji.com.tr\/wp-content\/uploads\/2024\/05\/padding-2.png\" alt=\"\">\r\n                        <\/figure>\r\n                        <div class=\"content p-relative\">\r\n                           <h4>Saha Personeli Takibi<\/h4>\r\n                           <p class=\"pt-15 pb-10\">Saha personeli takibi \u00e7\u00f6z\u00fcmlerimizle, \u00e7al\u0131\u015fanlar\u0131n\u0131z\u0131n g\u00fcvenli\u011fini ve verimlili\u011fini art\u0131rabilirsiniz. Ger\u00e7ek zamanl\u0131 konum izleme ve g\u00f6rev y\u00f6netimi \u00f6zelliklerimiz sayesinde, personelinizin performans\u0131n\u0131 optimize eder ve acil durumlarda h\u0131zl\u0131 m\u00fcdahale imkan\u0131 sa\u011flars\u0131n\u0131z.<\/p>\r\n                           <ul class=\"tab-list-content\">\r\n\t\t\t\t\t\t   \t\t                           <\/ul>\r\n                           <a class=\"primary-btn-1 btn-hover mt-20\" href=\"https:\/\/regnumteknoloji.com.tr\/index.php\/contact\/\">\r\n\t\t\t\t\t\t   Bizimle \u0130leti\u015fime Ge\u00e7in &nbsp; | <i class=\"icon-right-arrow\"><\/i>\r\n                              <span style=\"top: 147.172px; left: 108.5px;\"><\/span>\r\n                           <\/a>\r\n                        <\/div>\r\n                     <\/div>\r\n                  <\/div>\r\n\t\t\t\t                    <div class=\"tab-pane fade show \" id=\"3-tab-pane\" role=\"tabpanel\"\r\n                     aria-labelledby=\"3-tab\" tabindex=\"0\">\r\n                     <div class=\"service-tab-content p-relative\">\r\n                        <div class=\"tab-bg-shape\" data-background=\"https:\/\/regnumteknoloji.com.tr\/wp-content\/uploads\/2024\/02\/shape-32.png\"><\/div>\r\n                        <figure class=\"image p-relative\">\r\n\t\t\t\t\t\t\t<img decoding=\"async\" src=\"https:\/\/regnumteknoloji.com.tr\/wp-content\/uploads\/2024\/05\/padding-3.png\" alt=\"\">\r\n                        <\/figure>\r\n                        <div class=\"content p-relative\">\r\n                           <h4>Sat\u0131\u015f Noktas\u0131 Stok Takibi<\/h4>\r\n                           <p class=\"pt-15 pb-10\">Perakende ve da\u011f\u0131t\u0131m sekt\u00f6rleri i\u00e7in geli\u015ftirdi\u011fimiz sat\u0131\u015f noktalar\u0131nda stok takibi \u00e7\u00f6z\u00fcmlerimiz, stok seviyelerini anl\u0131k olarak izleyip y\u00f6netmenizi sa\u011flar. Bu sayede, stok t\u00fckenme veya fazlal\u0131klar\u0131n\u0131 \u00f6nler, sat\u0131\u015f ve m\u00fc\u015fteri memnuniyetini art\u0131r\u0131rs\u0131n\u0131z.<\/p>\r\n                           <ul class=\"tab-list-content\">\r\n\t\t\t\t\t\t   \t\t                           <\/ul>\r\n                           <a class=\"primary-btn-1 btn-hover mt-20\" href=\"https:\/\/regnumteknoloji.com.tr\/index.php\/contact\/\">\r\n\t\t\t\t\t\t   Bizimle \u0130leti\u015fime Ge\u00e7in &nbsp; | <i class=\"icon-right-arrow\"><\/i>\r\n                              <span style=\"top: 147.172px; left: 108.5px;\"><\/span>\r\n                           <\/a>\r\n                        <\/div>\r\n                     <\/div>\r\n                  <\/div>\r\n\t\t\t\t                 <\/div>\r\n            <\/div>            \r\n         <\/div>\r\n      <\/div>\r\n   <\/div>\r\n <\/section>\r\n <!-- Service tab area end --> \r\n\r\n \t\r\n             \r\n\t\t\t\t\t<\/div>\n\t\t\t\t<\/div>\n\t\t\t\t<div class=\"elementor-element elementor-element-d5dbff8 elementor-widget elementor-widget-text_slide\" data-id=\"d5dbff8\" data-element_type=\"widget\" data-widget_type=\"text_slide.default\">\n\t\t\t\t<div class=\"elementor-widget-container\">\n\t\t\t\t\t\r\n\r\n\t <script>\r\n jQuery(document).ready(function($) {\r\n\r\n\/\/write js code under this line \r\n\r\n\r\n\/\/write code above the line \r\n\r\n  });\r\n<\/script>\r\n\r\n<!-- Text slider area start --> \r\n<section class=\"text-slider-section section-space fix\">\r\n   <div class=\"container-fluid\">\r\n      <div class=\"text-slider-box\">\r\n\t           <div class=\"slide-box\">\r\n\t\t <svg width=\"60\" height=\"60\" viewBox=\"0 0 60 60\" fill=\"none\" xmlns=\"http:\/\/www.w3.org\/2000\/svg\">\r\n               <path d=\"M30 0L38.1027 21.8973L60 30L38.1027 38.1027L30 60L21.8973 38.1027L0 30L21.8973 21.8973L30 0Z\" fill=\"#3c72fc\"\/>\r\n            <\/svg>\r\n            <h1>Ak\u0131ll\u0131 \u00c7\u00f6z\u00fcmler<\/h1>\r\n         <\/div>\r\n\t\t          <div class=\"slide-box\">\r\n\t\t <svg width=\"60\" height=\"60\" viewBox=\"0 0 60 60\" fill=\"none\" xmlns=\"http:\/\/www.w3.org\/2000\/svg\">\r\n               <path d=\"M30 0L38.1027 21.8973L60 30L38.1027 38.1027L30 60L21.8973 38.1027L0 30L21.8973 21.8973L30 0Z\" fill=\"#3c72fc\"\/>\r\n            <\/svg>\r\n            <h1>S\u00fcrd\u00fcr\u00fclebilir Gelecek<\/h1>\r\n         <\/div>\r\n\t\t       <\/div>\r\n   <\/div>\r\n <\/section>\r\n <!-- Text slider area end --> \r\n \t\r\n             \r\n\t\t\t\t\t\t<\/div>\n\t\t\t\t<\/div>\n\t\t\t\t<\/div>\n\t\t\t\t<\/div>\n\t\t","protected":false},"excerpt":{"rendered":"<p>5+ Y\u0131ll\u0131k Ar-Ge Deneyimi \u00c7\u00f6z\u00fcmlerimiz \u0130\u015finizi Gelece\u011fe Ta\u015f\u0131yoruz Regnum Teknoloji olarak, nesnelerin interneti (IoT) alan\u0131nda geni\u015f bir yelpazede yenilik\u00e7i ve etkili \u00e7\u00f6z\u00fcmler sunuyoruz. \u0130\u015f ortaklar\u0131m\u0131z\u0131n operasyonel verimliliklerini art\u0131rmak ve dijital d\u00f6n\u00fc\u015f\u00fcmlerine katk\u0131da bulunmak i\u00e7in geli\u015ftirdi\u011fimiz \u00e7\u00f6z\u00fcmlerimizle, sekt\u00f6rdeki lider konumumuzu s\u00fcrd\u00fcr\u00fcyoruz.\u00a0 Her bir \u00e7\u00f6z\u00fcm\u00fcm\u00fcz, i\u015f ortaklar\u0131m\u0131z\u0131n spesifik ihtiya\u00e7lar\u0131na g\u00f6re \u00f6zelle\u015ftirilebilir ve entegrasyon kolayl\u0131\u011f\u0131 sunar. Regnum Teknoloji [&hellip;]<\/p>\n","protected":false},"author":2,"featured_media":0,"parent":0,"menu_order":0,"comment_status":"closed","ping_status":"closed","template":"elementor_header_footer","meta":{"inline_featured_image":false,"footnotes":""},"_links":{"self":[{"href":"https:\/\/regnumteknoloji.com.tr\/index.php\/wp-json\/wp\/v2\/pages\/2312"}],"collection":[{"href":"https:\/\/regnumteknoloji.com.tr\/index.php\/wp-json\/wp\/v2\/pages"}],"about":[{"href":"https:\/\/regnumteknoloji.com.tr\/index.php\/wp-json\/wp\/v2\/types\/page"}],"author":[{"embeddable":true,"href":"https:\/\/regnumteknoloji.com.tr\/index.php\/wp-json\/wp\/v2\/users\/2"}],"replies":[{"embeddable":true,"href":"https:\/\/regnumteknoloji.com.tr\/index.php\/wp-json\/wp\/v2\/comments?post=2312"}],"version-history":[{"count":186,"href":"https:\/\/regnumteknoloji.com.tr\/index.php\/wp-json\/wp\/v2\/pages\/2312\/revisions"}],"predecessor-version":[{"id":2757,"href":"https:\/\/regnumteknoloji.com.tr\/index.php\/wp-json\/wp\/v2\/pages\/2312\/revisions\/2757"}],"wp:attachment":[{"href":"https:\/\/regnumteknoloji.com.tr\/index.php\/wp-json\/wp\/v2\/media?parent=2312"}],"curies":[{"name":"wp","href":"https:\/\/api.w.org\/{rel}","templated":true}]}}